{"id":154,"date":"2025-04-08T14:35:27","date_gmt":"2025-04-08T12:35:27","guid":{"rendered":"https:\/\/www.moonlight-shadow.de\/?page_id=154"},"modified":"2025-04-08T14:35:27","modified_gmt":"2025-04-08T12:35:27","slug":"impressum","status":"publish","type":"page","link":"https:\/\/www.moonlight-shadow.de\/?page_id=154","title":{"rendered":"Impressum"},"content":{"rendered":"\n<p><strong>Impressum<\/strong><\/p>\n\n\n\n<p><strong>Angaben gem\u00e4\u00df \u00a7 5 TMG:<\/strong><\/p>\n\n\n\n<p><strong>TuS Moonlight Shadow<\/strong><strong>\u00a02017 e.V.<\/strong><br>F\u00e4hrenkamp 13<br>59379 Selm<\/p>\n\n\n\n<p><strong>Vertreten durch:<\/strong><\/p>\n\n\n\n<ol class=\"wp-block-list\">\n<li>Vorsitzende Anita Dietz<\/li>\n<\/ol>\n\n\n\n<p><strong>Kontakt:<\/strong><br>Telefon: 0160 350 80 29<\/p>\n\n\n\n<p>E-Mail: info@moonlight-shadow.de<br><\/p>\n\n\n\n<p><strong>Vereinsregister:<\/strong><br>Eingetragen im Vereinsregister des Amtsgericht Coesfeld \u00a0unter der Nummer VR 7448<\/p>\n\n\n\n<p><\/p>\n\n\n\n<p><strong>Haftungsausschluss:<\/strong><br>Die Inhalte unserer Seiten wurden mit gr\u00f6\u00dfter Sorgfalt erstellt. F\u00fcr die Richtigkeit, Vollst\u00e4ndigkeit und Aktualit\u00e4t der Inhalte k\u00f6nnen wir jedoch keine Gew\u00e4hr \u00fcbernehmen.<\/p>\n\n\n\n<p><strong>Externe Links:<\/strong><br>F\u00fcr die Inhalte externer Links \u00fcbernehmen wir keine Haftung. F\u00fcr den Inhalt der verlinkten Seiten sind ausschlie\u00dflich deren Betreiber verantwortlich.<\/p>\n","protected":false},"excerpt":{"rendered":"<p>Impressum Angaben gem\u00e4\u00df \u00a7 5 TMG: TuS Moonlight Shadow\u00a02017 e.V.F\u00e4hrenkamp 1359379 Selm Vertreten durch: Kontakt:Telefon: 0160 350 80 29 E-Mail: info@moonlight-shadow.de Vereinsregister:Eingetragen im Vereinsregister des Amtsgericht Coesfeld \u00a0unter der Nummer VR 7448 Haftungsausschluss:Die Inhalte unserer Seiten wurden mit gr\u00f6\u00dfter Sorgfalt erstellt. F\u00fcr die Richtigkeit, Vollst\u00e4ndigkeit und Aktualit\u00e4t der Inhalte k\u00f6nnen wir jedoch keine Gew\u00e4hr \u00fcbernehmen. [&hellip;]<\/p>\n","protected":false},"author":2,"featured_media":0,"parent":0,"menu_order":0,"comment_status":"closed","ping_status":"closed","template":"","meta":{"footnotes":""},"class_list":["post-154","page","type-page","status-publish","hentry"],"_links":{"self":[{"href":"https:\/\/www.moonlight-shadow.de\/index.php?rest_route=\/wp\/v2\/pages\/154","targetHints":{"allow":["GET"]}}],"collection":[{"href":"https:\/\/www.moonlight-shadow.de\/index.php?rest_route=\/wp\/v2\/pages"}],"about":[{"href":"https:\/\/www.moonlight-shadow.de\/index.php?rest_route=\/wp\/v2\/types\/page"}],"author":[{"embeddable":true,"href":"https:\/\/www.moonlight-shadow.de\/index.php?rest_route=\/wp\/v2\/users\/2"}],"replies":[{"embeddable":true,"href":"https:\/\/www.moonlight-shadow.de\/index.php?rest_route=%2Fwp%2Fv2%2Fcomments&post=154"}],"version-history":[{"count":1,"href":"https:\/\/www.moonlight-shadow.de\/index.php?rest_route=\/wp\/v2\/pages\/154\/revisions"}],"predecessor-version":[{"id":155,"href":"https:\/\/www.moonlight-shadow.de\/index.php?rest_route=\/wp\/v2\/pages\/154\/revisions\/155"}],"wp:attachment":[{"href":"https:\/\/www.moonlight-shadow.de\/index.php?rest_route=%2Fwp%2Fv2%2Fmedia&parent=154"}],"curies":[{"name":"wp","href":"https:\/\/api.w.org\/{rel}","templated":true}]}}